{"id":1480,"date":"2024-01-04T22:36:22","date_gmt":"2024-01-04T22:36:22","guid":{"rendered":"https:\/\/higginsontower.ca\/accueil\/"},"modified":"2025-11-27T19:41:58","modified_gmt":"2025-11-27T19:41:58","slug":"accueil","status":"publish","type":"page","link":"https:\/\/higginsontower.ca\/fr\/","title":{"rendered":"Accueil"},"content":{"rendered":"\n<div class=\"wp-block-uagb-container uagb-block-5fcee4f8 alignfull uagb-is-root-container\"><div class=\"uagb-container-inner-blocks-wrap\">\n<div class=\"wp-block-uagb-advanced-heading uagb-block-2b5f3149\"><h2 class=\"uagb-heading-text\">Ouvert pour la saison estivale ou sur rendez-vous !<\/h2><div class=\"uagb-separator\"><\/div><\/div>\n\n\n\n<p class=\"has-text-align-center\" style=\"font-size:clamp(14px, 0.875rem + ((1vw - 3.2px) * 0.455), 18px);text-transform:uppercase\">Juillet et ao\u00fbt : Ouvert du mercredi au dimanche, de 10 h \u00e0 16 h, et les jours f\u00e9ri\u00e9s.<br>Les visites et les groupes sont les bienvenus !<\/p>\n\n\n\n<div class=\"wp-block-columns is-layout-flex wp-container-core-columns-is-layout-a78e0228 wp-block-columns-is-layout-flex\" style=\"padding-top:0;padding-right:var(--wp--preset--spacing--30);padding-bottom:0;padding-left:var(--wp--preset--spacing--30);font-size:clamp(14px, 0.875rem + ((1vw - 3.2px) * 0.114), 15px);\">\n<div class=\"wp-block-column is-layout-flow wp-block-column-is-layout-flow\">\n<p>Visites guid\u00e9es et groupes bienvenus ! Profitez d&rsquo;un programme d&rsquo;interpr\u00e9tation bilingue et d&rsquo;expositions d&rsquo;artefacts trouv\u00e9s lors d&rsquo;une fouille arch\u00e9ologique qui a eu lieu avant la restauration. \u00c9coutez l&rsquo;histoire en gravissant les marches \u00e0 l&rsquo;int\u00e9rieur de la tour jusqu&rsquo;au sommet ! Vous pouvez pique-niquer sur place ou visiter la galerie Arbor, situ\u00e9e \u00e0 quelques pas, dans la maison d&rsquo;origine de William Higginson, le fils de Thomas Higginson, qui a construit la partie en pierre de la tour.<\/p>\n\n\n\n<p>Les ruines de la tour Higginson sont situ\u00e9es pr\u00e8s de l\u2019\u00e9glise anglicane St John (l\u2019\u00e9glise sur la c\u00f4te pr\u00e8s de la route 34) lorsque vous arrivez \u00e0 Vankleek Hill par le c\u00f4t\u00e9 nord. Les ruines appartenaient \u00e0 Phil Arber, qui est \u00e9galement propri\u00e9taire du b\u00e2timent abritant la galerie Arbor &#8211; CfCA, qui \u00e9tait autrefois la maison du lieutenant Thomas Higginson, qui a construit le moulin \u00e0 grains actionn\u00e9 par le vent en 1832. William Higginson, fils de Thomas, a ajout\u00e9 la partie sup\u00e9rieure pour cr\u00e9er un jardin d&rsquo;hiver et a \u00e9galement construit la maison en briques rouges situ\u00e9e \u00e0 proximit\u00e9, qui abrite aujourd&rsquo;hui l&rsquo;Arbor Gallery &#8211; Centre for Contemporary Art.<\/p>\n\n\n\n<p>Phil Arber a fait don des ruines et d&rsquo;une partie de la propri\u00e9t\u00e9 qui les entoure au canton de Champlain. Le comit\u00e9 de la tour Higginson a recueilli 108 000 dollars pour restaurer cette structure historique et lui redonner sa stature d&rsquo;antan. En outre, le comit\u00e9 a obtenu 24 400 $ de la Fondation Trillium de l&rsquo;Ontario, 30 000 $ de la Soci\u00e9t\u00e9 de d\u00e9veloppement communautaire de Prescott-Russell, 20 252 $ du minist\u00e8re de l&rsquo;Agriculture, de l&rsquo;Alimentation et des Affaires rurales de l&rsquo;Ontario (D\u00e9veloppement \u00e9conomique rural ou RED), une subvention de 25 000 $ d&rsquo;un fonds de r\u00e9serve du canton de Champlain et 9 900 $ suppl\u00e9mentaires de la Soci\u00e9t\u00e9 de d\u00e9veloppement communautaire de Prescott-Russell pour le programme d&rsquo;interpr\u00e9tation de la tour.<\/p>\n\n\n\n<p>Ce projet a \u00e9t\u00e9 rendu possible gr\u00e2ce \u00e0 des services en nature d&rsquo;une valeur de plus de 100 000 dollars, notamment des services de conception architecturale, des services juridiques, l&rsquo;enl\u00e8vement d&rsquo;arbres et des prix r\u00e9duits de la part de nombreux entrepreneurs.<br>Maintenant que la restauration est termin\u00e9e, la structure patrimoniale et la propri\u00e9t\u00e9 resteront sous la responsabilit\u00e9 de la municipalit\u00e9, gr\u00e2ce \u00e0 la g\u00e9n\u00e9rosit\u00e9 des b\u00e9n\u00e9voles et de la communaut\u00e9. La tour est ouverte pendant la saison estivale et, hors saison, sur rendez-vous, pour des groupes de 10 personnes ou plus. <\/p>\n<\/div>\n\n\n\n<div class=\"wp-block-column is-layout-flow wp-block-column-is-layout-flow\">\n<p>De nombreux partenaires communautaires ont travaill\u00e9 avec le comit\u00e9 de la tour Higginson pour r\u00e9aliser ce projet. Un droit de passage est enregistr\u00e9 sur la propri\u00e9t\u00e9 traversant l&rsquo;\u00e9glise anglicane St. John the Apostle, gr\u00e2ce \u00e0 la coop\u00e9ration et \u00e0 l&rsquo;enthousiasme de la congr\u00e9gation de Vankleek Hill. Le comit\u00e9 de la Tour Higginson a \u00e9galement obtenu des privil\u00e8ges de stationnement de la part du propri\u00e9taire du March\u00e9 \u00c9clair (l&rsquo;ancien b\u00e2timent de la fromagerie Fraser), Yvon Lavoie.<\/p>\n\n\n\n<p>A propos du Comit\u00e9 de la Tour Higginson et de la Capsule temporelle Champlain :<br>Ce comit\u00e9 a \u00e9t\u00e9 form\u00e9 lorsque Yves Berthiaume, propri\u00e9taire de la maison fun\u00e9raire Berthiaume \u00e0 Vankleek Hill et Hawkesbury, a offert de faire don d&rsquo;un conteneur et s&rsquo;est arrang\u00e9 pour qu&rsquo;un caveau en b\u00e9ton soit offert par Costello Vaults. Lors d&rsquo;une r\u00e9union avec Andr\u00e9 Martel, Gary Barton, Phil Arber et Louise Sproule en 2003, il a \u00e9t\u00e9 d\u00e9cid\u00e9 d&rsquo;utiliser l&rsquo;id\u00e9e de la capsule temporelle pour collecter des fonds afin de restaurer la tour d&rsquo;observation Higginson, vieille de 175 ans.<\/p>\n\n\n\n<p>La restauration de la tour figurait \u00e0 l&rsquo;origine sur une liste de projets lors des c\u00e9l\u00e9brations du bicentenaire de Vankleek Hill en 1997 et, bien que des fonds aient \u00e9t\u00e9 collect\u00e9s \u00e0 l&rsquo;\u00e9poque, le projet \u00e9tait rest\u00e9 en suspens pendant un certain temps. Peu apr\u00e8s sa premi\u00e8re r\u00e9union, le comit\u00e9 a demand\u00e9 au canton de Champlain s&rsquo;il accepterait de devenir propri\u00e9taire de la tour restaur\u00e9e si les fonds de restauration et le projet de restauration \u00e9taient entrepris par un comit\u00e9 de b\u00e9n\u00e9voles qui recueillerait des fonds et superviserait la restauration.<\/p>\n\n\n\n<div class=\"wp-block-group alignfull has-text-color has-background is-layout-flow wp-block-group-is-layout-flow\" style=\"color:#000000;background-color:#1a4676d1;padding-top:var(--wp--preset--spacing--30);padding-bottom:var(--wp--preset--spacing--30)\">\n<h4 class=\"wp-block-heading has-text-align-center has-base-color has-text-color has-link-color wp-elements-4a9f464d94ec4b18a1de516a8ac489a3\" id=\"schedule-a-visit\" style=\"font-size:clamp(16.293px, 1.018rem + ((1vw - 3.2px) * 0.989), 25px);line-height:1.15;text-transform:uppercase\"><strong>Posez votre candidature pour devenir \u00e9tudiant d&rsquo;\u00e9t\u00e9 !<\/strong><\/h4>\n\n\n\n<p class=\"has-text-align-center has-base-color has-text-color has-link-color has-small-font-size wp-elements-57cfd75b9e1b0eb986408e6556bc5db2\" style=\"line-height:1.3\">Nous sommes toujours \u00e0 la recherche de b\u00e9n\u00e9voles pendant notre saison ouverte. Pour plus d&rsquo;informations, veuillez envoyer un courriel \u00e0 Louise \u00e0 l&rsquo;adresse suivante : higginsontower@gmail.com<\/p>\n<\/div>\n<\/div>\n<\/div>\n\n\n\n<div style=\"height:40px\" aria-hidden=\"true\" class=\"wp-block-spacer\"><\/div>\n\n\n\n<div class=\"wp-block-group alignfull has-text-color has-background is-layout-flow wp-block-group-is-layout-flow\" style=\"color:#000000;background:radial-gradient(rgba(237,237,237,0.52) 0%,rgba(169,183,194,0.37) 100%);padding-top:var(--wp--preset--spacing--30);padding-bottom:var(--wp--preset--spacing--30)\">\n<h4 class=\"wp-block-heading has-text-align-center\" id=\"schedule-a-visit\" style=\"font-size:clamp(16.293px, 1.018rem + ((1vw - 3.2px) * 0.989), 25px);line-height:1.15;text-transform:uppercase\"><strong>Pour organiser une visite<\/strong><\/h4>\n\n\n\n<p class=\"has-text-align-center has-small-font-size\" style=\"line-height:.9\">Appelez le &nbsp;613-678-8263 ou envoyez un courriel \u00e0 Louise \u00e0 l&rsquo;adresse higginsontower@gmail.com<\/p>\n<\/div>\n\n\n\n<div style=\"height:40px\" aria-hidden=\"true\" class=\"wp-block-spacer\"><\/div>\n\n\n\n<div data-aos= \"fade\" data-aos-duration=\"400\" data-aos-delay=\"0\" data-aos-easing=\"ease\" data-aos-once=\"true\" class=\"wp-block-uagb-container uagb-block-0c324881 alignfull uagb-is-root-container\"><div class=\"uagb-container-inner-blocks-wrap\">\n<div class=\"wp-block-query uag-hide-desktop uag-hide-tab uag-hide-mob has-global-padding is-layout-constrained wp-block-query-is-layout-constrained\"><ul class=\"wp-block-post-template is-layout-flow wp-block-post-template-is-layout-flow\"><li class=\"wp-block-post post-1649 post type-post status-publish format-standard has-post-thumbnail hentry category-evenements-fr\">\n<h4 style=\"padding-top:5px;padding-bottom:5px;margin-top:0px;margin-bottom:0px;\" class=\"has-text-align-center has-link-color wp-elements-89860a222ed0b10d7aa29a9af26ae4f2 wp-block-post-title has-text-color has-base-color\"><a href=\"https:\/\/higginsontower.ca\/fr\/2025\/10\/07\/elvis-une-emission-speciale-de-noel\/\" target=\"_self\" >Elvis : Une \u00c9mission sp\u00e9ciale de No\u00ebl<\/a><\/h4>\n\n\n<p class=\"has-text-align-center has-base-color has-text-color has-link-color has-medium-font-size wp-elements-bb314715efc1d765aff7486ec07efe40\" style=\"margin-top:5px;margin-bottom:5px;padding-top:0px;padding-bottom:0px\"><strong>12 d\u00e9cembre 2025<\/strong><\/p>\n\n\n\n<figure class=\"wp-block-image size-large\"><a href=\"https:\/\/higginsontower.ca\/fr\/2025\/10\/07\/elvis-une-emission-speciale-de-noel\/\"><img loading=\"lazy\" decoding=\"async\" width=\"1024\" height=\"576\" src=\"https:\/\/higginsontower.ca\/wp-content\/uploads\/2025\/10\/Christmas-Elvis-event-1024x576.jpg\" alt=\"\" class=\"wp-image-1642\" srcset=\"https:\/\/higginsontower.ca\/wp-content\/uploads\/2025\/10\/Christmas-Elvis-event-1024x576.jpg 1024w, https:\/\/higginsontower.ca\/wp-content\/uploads\/2025\/10\/Christmas-Elvis-event-300x169.jpg 300w, https:\/\/higginsontower.ca\/wp-content\/uploads\/2025\/10\/Christmas-Elvis-event-768x432.jpg 768w, https:\/\/higginsontower.ca\/wp-content\/uploads\/2025\/10\/Christmas-Elvis-event.jpg 1200w\" sizes=\"auto, (max-width: 1024px) 100vw, 1024px\" \/><\/a><\/figure>\n\n\n\n<div style=\"height:40px\" aria-hidden=\"true\" class=\"wp-block-spacer\"><\/div>\n\n<\/li><\/ul><\/div>\n<\/div><\/div>\n\n\n\n<hr class=\"wp-block-separator has-css-opacity\"\/>\n\n\n\n<div style=\"height:40px\" aria-hidden=\"true\" class=\"wp-block-spacer\"><\/div>\n\n\n\n<div class=\"wp-block-columns is-layout-flex wp-container-core-columns-is-layout-1a2ddb66 wp-block-columns-is-layout-flex\" style=\"padding-right:var(--wp--preset--spacing--30);padding-left:var(--wp--preset--spacing--30)\">\n<div class=\"wp-block-column is-layout-flow wp-block-column-is-layout-flow\">\n<figure class=\"wp-block-image size-full\"><img loading=\"lazy\" decoding=\"async\" width=\"400\" height=\"600\" src=\"https:\/\/higginsontowerstaging.mystagingwebsite.com\/wp-content\/uploads\/2024\/01\/Tower-March-27-06-10.jpg\" alt=\"Photo historique de la Tour\" class=\"wp-image-77\" style=\"aspect-ratio:1;object-fit:cover\" srcset=\"https:\/\/higginsontower.ca\/wp-content\/uploads\/2024\/01\/Tower-March-27-06-10.jpg 400w, https:\/\/higginsontower.ca\/wp-content\/uploads\/2024\/01\/Tower-March-27-06-10-200x300.jpg 200w\" sizes=\"auto, (max-width: 400px) 100vw, 400px\" \/><\/figure>\n\n\n\n<h3 class=\"wp-block-heading\" style=\"padding-top:0px;padding-bottom:0px;font-size:clamp(16.293px, 1.018rem + ((1vw - 3.2px) * 0.989), 25px);\">L&rsquo;histoire<\/h3>\n\n\n\n<p style=\"font-size:clamp(14px, 0.875rem + ((1vw - 3.2px) * 0.114), 15px);\">La tour d&rsquo;observation Higginson repr\u00e9sente les nombreuses contributions positives du lieutenant-colonel Thomas Higginson, un \u00e9migrant irlandais du comt\u00e9 d&rsquo;Antrim, en Irlande, qui est parti pour le Canada en 1819 et s&rsquo;est install\u00e9 \u00e0 Vankleek Hill en 1829. &#8230;  <a href=\"https:\/\/higginsontowerstaging.mystagingwebsite.com\/history\/\" data-type=\"page\" data-id=\"215\" target=\"_blank\" rel=\"noopener\">Plus d&rsquo;informations<\/a><\/p>\n<\/div>\n\n\n\n<div class=\"wp-block-column is-layout-flow wp-block-column-is-layout-flow\">\n<figure class=\"wp-block-image size-full\"><img loading=\"lazy\" decoding=\"async\" width=\"400\" height=\"600\" src=\"https:\/\/higginsontowerstaging.mystagingwebsite.com\/wp-content\/uploads\/2024\/01\/Tower-Top-March-7-1.jpg\" alt=\"Archive News - Descente de la tour\" class=\"wp-image-78\" style=\"aspect-ratio:1;object-fit:cover\" srcset=\"https:\/\/higginsontower.ca\/wp-content\/uploads\/2024\/01\/Tower-Top-March-7-1.jpg 400w, https:\/\/higginsontower.ca\/wp-content\/uploads\/2024\/01\/Tower-Top-March-7-1-200x300.jpg 200w\" sizes=\"auto, (max-width: 400px) 100vw, 400px\" \/><\/figure>\n\n\n\n<h3 class=\"wp-block-heading\" style=\"padding-top:0px;padding-bottom:0px;font-size:clamp(16.293px, 1.018rem + ((1vw - 3.2px) * 0.989), 25px);\">Nouvelles archiv\u00e9es<\/h3>\n\n\n\n<p style=\"font-size:clamp(14px, 0.875rem + ((1vw - 3.2px) * 0.114), 15px);\">Nous avons r\u00e9pertori\u00e9 ici la couverture m\u00e9diatique de l&rsquo;avancement des travaux, des \u00e9v\u00e9nements et de l&rsquo;inauguration de la Tour Higginson de 2006 \u00e0 2015. N&rsquo;h\u00e9sitez pas \u00e0 parcourir la section pour plus d&rsquo;informations. &#8230;  <a href=\"https:\/\/higginsontowerstaging.mystagingwebsite.com\/news-events\/\" data-type=\"page\" data-id=\"1268\" target=\"_blank\" rel=\"noopener\">Plus d&rsquo;informations<\/a><\/p>\n<\/div>\n\n\n\n<div class=\"wp-block-column is-layout-flow wp-block-column-is-layout-flow\">\n<figure class=\"wp-block-image size-full\"><img loading=\"lazy\" decoding=\"async\" width=\"400\" height=\"600\" src=\"https:\/\/higginsontowerstaging.mystagingwebsite.com\/wp-content\/uploads\/2024\/01\/Tower-Facebook-Page-2023.jpg\" alt=\"Derni\u00e8res nouvelles - M\u00e9dias sociaux\" class=\"wp-image-76\" style=\"aspect-ratio:1;object-fit:cover\" srcset=\"https:\/\/higginsontower.ca\/wp-content\/uploads\/2024\/01\/Tower-Facebook-Page-2023.jpg 400w, https:\/\/higginsontower.ca\/wp-content\/uploads\/2024\/01\/Tower-Facebook-Page-2023-200x300.jpg 200w\" sizes=\"auto, (max-width: 400px) 100vw, 400px\" \/><\/figure>\n\n\n\n<h3 class=\"wp-block-heading\" style=\"padding-top:0px;padding-bottom:0px;font-size:clamp(16.293px, 1.018rem + ((1vw - 3.2px) * 0.989), 25px);\">Derni\u00e8res nouvelles<\/h3>\n\n\n\n<p style=\"font-size:clamp(14px, 0.875rem + ((1vw - 3.2px) * 0.114), 15px);\">Suivez-nous sur Facebook pour en savoir plus sur ce qui se passe \u00e0 la Tour Higginson cet \u00e9t\u00e9. &#8230;  <a href=\"https:\/\/higginsontowerstaging.mystagingwebsite.com\/news-and-events\/\" data-type=\"page\" data-id=\"1276\" target=\"_blank\" rel=\"noopener\">Plus d&rsquo;informations<\/a><\/p>\n<\/div>\n<\/div>\n<\/div><\/div>\n\n\n\n<div data-aos= \"fade\" data-aos-duration=\"400\" data-aos-delay=\"0\" data-aos-easing=\"ease\" data-aos-once=\"true\" class=\"wp-block-uagb-container uagb-block-2cfe4cc0 alignfull uagb-is-root-container\"><div class=\"uagb-container-inner-blocks-wrap\">\n<div class=\"wp-block-columns has-background is-layout-flex wp-container-core-columns-is-layout-28f84493 wp-block-columns-is-layout-flex\" style=\"background-color:#1a4676d1\">\n<div class=\"wp-block-column is-layout-flow wp-block-column-is-layout-flow\">\n<div class=\"wp-block-uagb-call-to-action uagb-block-e1e0f9c1 wp-block-button\"><div class=\"uagb-cta__wrap\"><h3 class=\"uagb-cta__title\"><strong>Achetez une dalle de la promenade de pav\u00e9s<\/strong><\/h3><p class=\"uagb-cta__desc\">N\u2019importe qui peut participer en achetant un pav\u00e9 de six pouces par douze poucez pour 250,00$. Achetez un pav\u00e9 pour la famille, ou un pav\u00e9 pour chaque membre de la famille. Quatre-vingt pav\u00e9s additionnels sont disponiblesdepuis l\u2019ouverture officielle le 9 septembre 2007. Les noms seront grav\u00e9s sur ces nouveaux pav\u00e9s. La Promenade de Pav\u00e9s sera install\u00e9e autour de la Tour Higginson jusqu&rsquo;\u00e0 la propri\u00e9t\u00e9 de l\u2019\u00e9glise St. John the Apostle.<\/p><\/div><div class=\"uagb-cta__buttons\"><a href=\"https:\/\/higginsontowerstaging.mystagingwebsite.com\/support-the-tower\/#cobble\" class=\"uagb-cta__button-link-wrapper wp-block-button__link\" target=\"_self\" rel=\"noopener noreferrer\">Read More<svg xmlns=\"https:\/\/www.w3.org\/2000\/svg\" viewBox=\"0 0 512 512\"><path d=\"M504.3 273.6l-112.1 104c-6.992 6.484-17.18 8.218-25.94 4.406c-8.758-3.812-14.42-12.45-14.42-21.1L351.9 288H32C14.33 288 .0002 273.7 .0002 255.1S14.33 224 32 224h319.9l0-72c0-9.547 5.66-18.19 14.42-22c8.754-3.809 18.95-2.075 25.94 4.41l112.1 104C514.6 247.9 514.6 264.1 504.3 273.6z\"><\/path><\/svg><\/a><\/div><\/div>\n<\/div>\n<\/div>\n<\/div><\/div>\n\n\n\n<div class=\"wp-block-uagb-container uagb-block-89b53abe alignfull uagb-is-root-container\"><div class=\"uagb-container-inner-blocks-wrap\">\n<div class=\"wp-block-columns are-vertically-aligned-center is-layout-flex wp-container-core-columns-is-layout-1a2ddb66 wp-block-columns-is-layout-flex\" style=\"padding-right:var(--wp--preset--spacing--30);padding-left:var(--wp--preset--spacing--30)\">\n<div class=\"wp-block-column is-vertically-aligned-center is-layout-flow wp-block-column-is-layout-flow\" style=\"flex-basis:40%\">\n<div class=\"wp-block-uagb-advanced-heading uagb-block-cdca7443\"><h2 class=\"uagb-heading-text\">Comit\u00e9 de la Tour<\/h2><\/div>\n\n\n\n<p style=\"margin-top:10px;margin-bottom:10px;padding-top:0px;padding-bottom:0px;font-size:clamp(14px, 0.875rem + ((1vw - 3.2px) * 0.114), 15px);\">Andr\u00e9 Martel, copr\u00e9sident<br>Louise Sproule, copr\u00e9sident<br>Kenda Allen, tr\u00e9sori\u00e8re<br>Gary J. Barton, Directeur<br>Peter Barton, Directeur<br>Alice Higginson MacLaurin, Directeur<\/p>\n\n\n\n<div class=\"wp-block-buttons is-content-justification-space-between is-layout-flex wp-container-core-buttons-is-layout-503f1bc8 wp-block-buttons-is-layout-flex\" style=\"margin-top:0px;margin-bottom:0px\">\n<div class=\"wp-block-button has-custom-width wp-block-button__width-75 is-style-fill\"><a class=\"wp-block-button__link has-base-color has-contrast-background-color has-text-color has-background has-link-color has-text-align-center has-custom-font-size wp-element-button\" style=\"padding-top:10px;padding-bottom:10px;font-size:clamp(14px, 0.875rem + ((1vw - 3.2px) * 0.114), 15px);\">EN SAVOIR PLUS<\/a><\/div>\n<\/div>\n<\/div>\n\n\n\n<div class=\"wp-block-column is-vertically-aligned-center is-layout-flow wp-block-column-is-layout-flow\" style=\"flex-basis:60%\">\n<figure class=\"wp-block-embed is-type-video is-provider-youtube wp-block-embed-youtube wp-embed-aspect-16-9 wp-has-aspect-ratio\"><div class=\"wp-block-embed__wrapper\">\n<iframe loading=\"lazy\" title=\"Higginson Tower: A Virtual Tour\" width=\"500\" height=\"281\" src=\"https:\/\/www.youtube.com\/embed\/jvI53yw6joA?feature=oembed\" frameborder=\"0\" allow=\"accelerometer; autoplay; clipboard-write; encrypted-media; gyroscope; picture-in-picture; web-share\" referrerpolicy=\"strict-origin-when-cross-origin\" allowfullscreen><\/iframe>\n<\/div><\/figure>\n<\/div>\n<\/div>\n<\/div><\/div>\n\n\n\n<div data-aos= \"fade\" data-aos-duration=\"400\" data-aos-delay=\"0\" data-aos-easing=\"ease\" data-aos-once=\"true\" class=\"wp-block-uagb-container uagb-block-05a4a518 alignfull uagb-is-root-container\"><div class=\"uagb-container-inner-blocks-wrap\">\n<div class=\"wp-block-columns has-background is-layout-flex wp-container-core-columns-is-layout-28f84493 wp-block-columns-is-layout-flex\" style=\"background-color:#1a4676d1\">\n<div class=\"wp-block-column is-layout-flow wp-block-column-is-layout-flow\">\n<div class=\"wp-block-uagb-call-to-action uagb-block-5a07f212 wp-block-button\"><div class=\"uagb-cta__wrap\"><h3 class=\"uagb-cta__title\"><strong>Faire un don<\/strong><\/h3><p class=\"uagb-cta__desc\">Devenez un ami de la Tour! C\u2019est facile! <br>Donnez d\u2019importe quelle somme au projet de Restauration de la Tour Higginson.<\/p><\/div><div class=\"uagb-cta__buttons\"><a href=\"https:\/\/higginsontowerstaging.mystagingwebsite.com\/support-the-tower\/#friend\" class=\"uagb-cta__button-link-wrapper wp-block-button__link\" target=\"_self\" rel=\"noopener noreferrer\">Read More<svg xmlns=\"https:\/\/www.w3.org\/2000\/svg\" viewBox=\"0 0 512 512\"><path d=\"M504.3 273.6l-112.1 104c-6.992 6.484-17.18 8.218-25.94 4.406c-8.758-3.812-14.42-12.45-14.42-21.1L351.9 288H32C14.33 288 .0002 273.7 .0002 255.1S14.33 224 32 224h319.9l0-72c0-9.547 5.66-18.19 14.42-22c8.754-3.809 18.95-2.075 25.94 4.41l112.1 104C514.6 247.9 514.6 264.1 504.3 273.6z\"><\/path><\/svg><\/a><\/div><\/div>\n<\/div>\n<\/div>\n<\/div><\/div>\n\n\n\n<div class=\"wp-block-group is-vertical is-content-justification-center is-layout-flex wp-container-core-group-is-layout-ce155fab wp-block-group-is-layout-flex\">\n<p class=\"has-text-align-center has-contrast-color has-text-color has-link-color wp-elements-f201ee691478dcc406023a6ebdc56953\" style=\"font-size:clamp(14px, 0.875rem + ((1vw - 3.2px) * 0.227), 16px);\">La Tour Higginson remercie le g\u00e9n\u00e9reux soutien du canton de Champlain&nbsp;!<\/p>\n\n\n\n<figure class=\"wp-block-image aligncenter size-large is-resized\"><a href=\"https:\/\/champlain.ca\" target=\"_blank\" rel=\" noreferrer noopener\"><img loading=\"lazy\" decoding=\"async\" width=\"1024\" height=\"379\" src=\"https:\/\/higginsontower.ca\/wp-content\/uploads\/2025\/10\/Champlain-logo_RGB-2023-1024x379.png\" alt=\"\" class=\"wp-image-1809\" style=\"width:276px;height:auto\" srcset=\"https:\/\/higginsontower.ca\/wp-content\/uploads\/2025\/10\/Champlain-logo_RGB-2023-1024x379.png 1024w, https:\/\/higginsontower.ca\/wp-content\/uploads\/2025\/10\/Champlain-logo_RGB-2023-300x111.png 300w, https:\/\/higginsontower.ca\/wp-content\/uploads\/2025\/10\/Champlain-logo_RGB-2023-768x284.png 768w, https:\/\/higginsontower.ca\/wp-content\/uploads\/2025\/10\/Champlain-logo_RGB-2023.png 1062w\" sizes=\"auto, (max-width: 1024px) 100vw, 1024px\" \/><\/a><\/figure>\n<\/div>\n","protected":false},"excerpt":{"rendered":"<p>Ouvert pour la saison estivale ou sur rendez-vous ! Juillet et ao\u00fbt : Ouvert du mercredi au dimanche, de 10 h \u00e0 16 h, et les jours f\u00e9ri\u00e9s.Les visites et les groupes sont les bienvenus ! Visites guid\u00e9es et groupes bienvenus ! Profitez d&rsquo;un programme d&rsquo;interpr\u00e9tation bilingue et d&rsquo;expositions d&rsquo;artefacts trouv\u00e9s lors d&rsquo;une fouille arch\u00e9ologique [&hellip;]<\/p>\n","protected":false},"author":1,"featured_media":266,"parent":0,"menu_order":0,"comment_status":"closed","ping_status":"closed","template":"","meta":{"_uag_custom_page_level_css":"","footnotes":""},"class_list":["post-1480","page","type-page","status-publish","has-post-thumbnail","hentry"],"uagb_featured_image_src":{"full":["https:\/\/higginsontower.ca\/wp-content\/uploads\/2024\/01\/Louise-Sproule-June-09-2021-Higginson-Tower.jpg",1200,675,false],"thumbnail":["https:\/\/higginsontower.ca\/wp-content\/uploads\/2024\/01\/Louise-Sproule-June-09-2021-Higginson-Tower-150x150.jpg",150,150,true],"medium":["https:\/\/higginsontower.ca\/wp-content\/uploads\/2024\/01\/Louise-Sproule-June-09-2021-Higginson-Tower-300x169.jpg",300,169,true],"medium_large":["https:\/\/higginsontower.ca\/wp-content\/uploads\/2024\/01\/Louise-Sproule-June-09-2021-Higginson-Tower-768x432.jpg",768,432,true],"large":["https:\/\/higginsontower.ca\/wp-content\/uploads\/2024\/01\/Louise-Sproule-June-09-2021-Higginson-Tower-1024x576.jpg",1024,576,true],"1536x1536":["https:\/\/higginsontower.ca\/wp-content\/uploads\/2024\/01\/Louise-Sproule-June-09-2021-Higginson-Tower.jpg",1200,675,false],"2048x2048":["https:\/\/higginsontower.ca\/wp-content\/uploads\/2024\/01\/Louise-Sproule-June-09-2021-Higginson-Tower.jpg",1200,675,false]},"uagb_author_info":{"display_name":"BeyondINK","author_link":"https:\/\/higginsontower.ca\/fr\/author\/higginsontowerstaging\/"},"uagb_comment_info":0,"uagb_excerpt":"Ouvert pour la saison estivale ou sur rendez-vous ! Juillet et ao\u00fbt : Ouvert du mercredi au dimanche, de 10 h \u00e0 16 h, et les jours f\u00e9ri\u00e9s.Les visites et les groupes sont les bienvenus ! Visites guid\u00e9es et groupes bienvenus ! Profitez d&rsquo;un programme d&rsquo;interpr\u00e9tation bilingue et d&rsquo;expositions d&rsquo;artefacts trouv\u00e9s lors d&rsquo;une fouille arch\u00e9ologique\u2026","jetpack_sharing_enabled":true,"_links":{"self":[{"href":"https:\/\/higginsontower.ca\/fr\/wp-json\/wp\/v2\/pages\/1480","targetHints":{"allow":["GET"]}}],"collection":[{"href":"https:\/\/higginsontower.ca\/fr\/wp-json\/wp\/v2\/pages"}],"about":[{"href":"https:\/\/higginsontower.ca\/fr\/wp-json\/wp\/v2\/types\/page"}],"author":[{"embeddable":true,"href":"https:\/\/higginsontower.ca\/fr\/wp-json\/wp\/v2\/users\/1"}],"replies":[{"embeddable":true,"href":"https:\/\/higginsontower.ca\/fr\/wp-json\/wp\/v2\/comments?post=1480"}],"version-history":[{"count":27,"href":"https:\/\/higginsontower.ca\/fr\/wp-json\/wp\/v2\/pages\/1480\/revisions"}],"predecessor-version":[{"id":1922,"href":"https:\/\/higginsontower.ca\/fr\/wp-json\/wp\/v2\/pages\/1480\/revisions\/1922"}],"wp:featuredmedia":[{"embeddable":true,"href":"https:\/\/higginsontower.ca\/fr\/wp-json\/wp\/v2\/media\/266"}],"wp:attachment":[{"href":"https:\/\/higginsontower.ca\/fr\/wp-json\/wp\/v2\/media?parent=1480"}],"curies":[{"name":"wp","href":"https:\/\/api.w.org\/{rel}","templated":true}]}}