{"id":1484,"date":"2024-01-08T22:55:10","date_gmt":"2024-01-08T22:55:10","guid":{"rendered":"https:\/\/higginsontower.ca\/lhistoire\/"},"modified":"2024-05-08T20:24:17","modified_gmt":"2024-05-08T20:24:17","slug":"lhistoire","status":"publish","type":"page","link":"https:\/\/higginsontower.ca\/fr\/lhistoire\/","title":{"rendered":"L&rsquo;histoire"},"content":{"rendered":"\n<h3 class=\"wp-block-heading has-text-align-center has-medium-font-size\">L&rsquo;histoire de la Tour d&rsquo;observation Higginson<\/h3>\n\n<div class=\"wp-block-columns is-layout-flex wp-container-core-columns-is-layout-28f84493 wp-block-columns-is-layout-flex\">\n<div class=\"wp-block-column is-layout-flow wp-block-column-is-layout-flow\" style=\"flex-basis:60%\">\n<p style=\"font-size:clamp(14px, 0.875rem + ((1vw - 3.2px) * 0.114), 15px);\">La Tour d&rsquo;observation Higginson repr\u00e9sente les nombreuses contributions positives du lieutenant-colonel Thomas Higginson, un \u00e9migrant irlandais du comt\u00e9 d&rsquo;Antrim, en Irlande, qui est parti pour le Canada en 1819 et s&rsquo;est install\u00e9 \u00e0 Vankleek Hill en 1829. La Tour d&rsquo;observation Higginson a d&rsquo;abord \u00e9t\u00e9 construite par M.Thomas Higginson (1794-1884) comme un moulin \u00e0 vent vers 1830 pour servir dans le broyage du bl\u00e9 et du ma\u00efs pour favoriser le d\u00e9veloppement commercial de Vankleek Hil et son voisinage imm\u00e9diat. Lorsque ce projet a \u00e9chou\u00e9 en raison du manque d&rsquo;\u00e9nergie \u00e9olienne, M. Thomas Higginson (nomm\u00e9 lieutenant dans le r\u00e9giment de Prescott le 23 avril 1839) a transform\u00e9 ce moulin \u00e0 vent en \u00ab\u00a0premier observatoire priv\u00e9 de l&rsquo;est de l&rsquo;Ontario\u00a0\u00bb.<\/p>\n\n\n\n<p style=\"font-size:clamp(14px, 0.875rem + ((1vw - 3.2px) * 0.114), 15px);\">Le Lieutenant-Colonel Thomas Higginson a contribu\u00e9 au d\u00e9veloppement social, \u00e9ducatif et spirituel de Vankleek Hill et du district au cours des premi\u00e8res \u00e9tapes de la formation de la communaut\u00e9. Il est le deuxi\u00e8me ma\u00eetre de poste de Vankleek Hill, le premier \u00e9tant Neil Stewart, qui a servi lors de la cr\u00e9ation du bureau de poste en 1827. Neil Stewart et Thomas Higginson ont \u00e9t\u00e9 les premiers \u00e0 repr\u00e9senter East Hawkesbury vers 1844 au sein du nouveau conseil de district. Il a \u00e9t\u00e9 surintendant des \u00e9coles de Prescott et Russell, pendant de nombreuses ann\u00e9es, agent de la Banque du Haut-Canada pour la transmission du produit des ventes de terres publiques, membre du Conseil g\u00e9n\u00e9ral. 2<\/p>\n<\/div>\n\n\n\n<div class=\"wp-block-column is-layout-flow wp-block-column-is-layout-flow\" style=\"flex-basis:40%\">\n<div style=\"height:20px\" aria-hidden=\"true\" class=\"wp-block-spacer\"><\/div>\n\n\n\n<div class=\"wp-block-jetpack-slideshow aligncenter\" data-effect=\"slide\"><div class=\"wp-block-jetpack-slideshow_container swiper-container\"><ul class=\"wp-block-jetpack-slideshow_swiper-wrapper swiper-wrapper\"><li class=\"wp-block-jetpack-slideshow_slide swiper-slide\"><figure><img loading=\"lazy\" decoding=\"async\" width=\"284\" height=\"383\" alt=\"Photographie dat\u00e9e de 1963 fournie par Velma Franklin.\" class=\"wp-block-jetpack-slideshow_image wp-image-218\" data-id=\"218\" src=\"https:\/\/higginsontower.ca\/wp-content\/uploads\/2024\/01\/past-4.jpg\" srcset=\"https:\/\/higginsontower.ca\/wp-content\/uploads\/2024\/01\/past-4.jpg 284w, https:\/\/higginsontower.ca\/wp-content\/uploads\/2024\/01\/past-4-222x300.jpg 222w\" sizes=\"(max-width: 284px) 100vw, 284px\" \/><figcaption class=\"wp-block-jetpack-slideshow_caption gallery-caption\">Photographie dat\u00e9e de 1963 fournie par Velma Franklin.<\/figcaption><\/figure><\/li><li class=\"wp-block-jetpack-slideshow_slide swiper-slide\"><figure><img loading=\"lazy\" decoding=\"async\" width=\"284\" height=\"383\" alt=\"Peinture de la Tour dat\u00e9e de 1959 par l'artiste Grace Shabaeff.\" class=\"wp-block-jetpack-slideshow_image wp-image-219\" data-id=\"219\" src=\"https:\/\/higginsontower.ca\/wp-content\/uploads\/2024\/01\/past-2.jpg\" srcset=\"https:\/\/higginsontower.ca\/wp-content\/uploads\/2024\/01\/past-2.jpg 284w, https:\/\/higginsontower.ca\/wp-content\/uploads\/2024\/01\/past-2-222x300.jpg 222w\" sizes=\"(max-width: 284px) 100vw, 284px\" \/><figcaption class=\"wp-block-jetpack-slideshow_caption gallery-caption\">Peinture de la Tour dat\u00e9e de 1959 par l&rsquo;artiste Grace Shabaeff.<\/figcaption><\/figure><\/li><li class=\"wp-block-jetpack-slideshow_slide swiper-slide\"><figure><img loading=\"lazy\" decoding=\"async\" width=\"284\" height=\"383\" alt=\"Peinture par Jean Hodgson.\" class=\"wp-block-jetpack-slideshow_image wp-image-220\" data-id=\"220\" src=\"https:\/\/higginsontower.ca\/wp-content\/uploads\/2024\/01\/past-3.jpg\" srcset=\"https:\/\/higginsontower.ca\/wp-content\/uploads\/2024\/01\/past-3.jpg 284w, https:\/\/higginsontower.ca\/wp-content\/uploads\/2024\/01\/past-3-222x300.jpg 222w\" sizes=\"(max-width: 284px) 100vw, 284px\" \/><figcaption class=\"wp-block-jetpack-slideshow_caption gallery-caption\">Peinture par Jean Hodgson,<\/figcaption><\/figure><\/li><li class=\"wp-block-jetpack-slideshow_slide swiper-slide\"><figure><img loading=\"lazy\" decoding=\"async\" width=\"383\" height=\"284\" alt=\"Croquis dat\u00e9 de 1845 par le R\u00e9v\u00e9rend Jacques Fr\u00e9d\u00e9ric Doudiet.\" class=\"wp-block-jetpack-slideshow_image wp-image-221\" data-id=\"221\" src=\"https:\/\/higginsontower.ca\/wp-content\/uploads\/2024\/01\/past-1.jpg\" srcset=\"https:\/\/higginsontower.ca\/wp-content\/uploads\/2024\/01\/past-1.jpg 383w, https:\/\/higginsontower.ca\/wp-content\/uploads\/2024\/01\/past-1-300x222.jpg 300w\" sizes=\"(max-width: 383px) 100vw, 383px\" \/><figcaption class=\"wp-block-jetpack-slideshow_caption gallery-caption\">Croquis dat\u00e9 de 1845 par le R\u00e9v\u00e9rend Jacques Fr\u00e9d\u00e9ric Doudiet.<\/figcaption><\/figure><\/li><\/ul><a class=\"wp-block-jetpack-slideshow_button-prev swiper-button-prev swiper-button-white\" role=\"button\"><\/a><a class=\"wp-block-jetpack-slideshow_button-next swiper-button-next swiper-button-white\" role=\"button\"><\/a><a aria-label=\"Pause Slideshow\" class=\"wp-block-jetpack-slideshow_button-pause\" role=\"button\"><\/a><div class=\"wp-block-jetpack-slideshow_pagination swiper-pagination swiper-pagination-white\"><\/div><\/div><\/div>\n<\/div>\n<\/div>\n\n<p style=\"font-size:clamp(14px, 0.875rem + ((1vw - 3.2px) * 0.114), 15px);\">L&rsquo;\u00e9glise anglicane St John the Apostle fut construite en 1856 sur un terrain appartenant au lieutenant-colonel Thomas Higginson. Avant l&rsquo;ach\u00e8vement de la construction, le lieutenant-colonel Higginson a particip\u00e9 \u00e0 la cr\u00e9ation d&rsquo;une \u00e9cole du dimanche qui desservait Vankleek Hill.<\/p>\n\n<p style=\"font-size:clamp(14px, 0.875rem + ((1vw - 3.2px) * 0.114), 15px);\">La premi\u00e8re publication de l\u2019hebdomadaire \u00ab The Economist \u00bb \u00e0 Vankleek Hill en 1858, \u00e9dit\u00e9e par Rupert Mears (ult\u00e9rieurement Pr\u00e9sident de la Chambre \u00e0 l\u2019Assembl\u00e9e l\u00e9gislative provinciale) contenait des articles et des po\u00e8mes compos\u00e9s par le lieutenant-colonel Higginson. Voici un extrait du journal intime du neveu de Thomas Tweed Higginson, \u00ab\u00a0de l\u2019\u00e9dition de The Economist d\u2019aujourd\u2019hui le 24 mars 1858. Tr\u00e8s honorable pour V.K.H., l&rsquo;oncle Thomas, un contributeur.\u00a0\u00bb Une autre r\u00e9f\u00e9rence s\u2019ajoute le 31 mars : \u00ab Ai convers\u00e9 longuement sur l\u2019article dix-sept avec oncle Thomas.\u00a0\u00bb 3<\/p>\n\n<p style=\"font-size:clamp(14px, 0.875rem + ((1vw - 3.2px) * 0.114), 15px);\">Le lieutenant-colonel Higginson est le fondateur et le premier pr\u00e9sident du Mechanic&rsquo;s Institute de Vankleek Hill en 1857. Selon le journal de Thomas Tweed Higginson, pour le 30 mars 1859, \u00ab Uncle Thomas pr\u00e9pare une conf\u00e9rence qui sera donn\u00e9e devant le Mechanic\u2019s Institute, \u00ab The Change of the Earth\u2019s Surface .\u00bb 4 En 1866, en r\u00e9ponse \u00e0 un appel du gouvernement \u00e0 se d\u00e9fendre contre l&rsquo;assault pa les Fenians, la milice de Prescott s\u2019est rassembl\u00e9e chez le lieutenant-colonel Higginson \u00e0 Vankleek Hill le 9 mars 1866 pour se rendre \u00e0 Cornwall \u2013 \u00ab un assault fenian pr\u00e9vu \u00bb.5 Il est sugg\u00e9r\u00e9 que la Tour d\u2019observation Higginson a jou\u00e9 un r\u00f4le d\u00e9fensif pendant les assaults par les Fenians, car elle a plus tard utilis\u00e9 le terme \u00ab tour de veille \u00bb.<\/p>\n\n<p style=\"font-size:clamp(14px, 0.875rem + ((1vw - 3.2px) * 0.114), 15px);\">La Tour d&rsquo;observation Higginson symbolise l&rsquo;\u00e9volution de l&rsquo;enseignement, de l&rsquo;apprentissage et du devoir civique au XIXe si\u00e8cle \u00e0 Vankleek Hill et dans le district. Le colonel William Higginson (1822-1905), fils de Thomas, \u00ab\u00a0fut nomm\u00e9 capitaine de la premi\u00e8re compagnie du 18e bataillon de la milice volontaire de Prescott vers 1861, nomm\u00e9 major le 24 juillet 1863 et lieutenant-colonel le 15 f\u00e9vrier 1867.\u00a0\u00bb 6 En 1866, le major William Higginson se vit confier le commandement de la milice volontaire de Prescott rassembl\u00e9e \u00e0 Vankleek Hill en pr\u00e9vision de l&rsquo;assault par les Fenians.7 Le colonel William Higginson est \u00a0\u00bb arpenteur de routes \u00ab\u00a08 pour le Canton de West Hawkesbury en 1879 et 1880. ll fut \u00e9lu pr\u00e9fet de ce Canton en 1890 et 1891.9<\/p>\n\n<p style=\"font-size:clamp(14px, 0.875rem + ((1vw - 3.2px) * 0.114), 15px);\">Le colonel Higginson \u00ab fut au premier plan lors de l\u2019introduction de l\u2019\u00e9clairage \u00e0 l\u2019\u00e9lectricit\u00e9 dans le village \u00bb10 de Vankleek Hill dans les ann\u00e9es 1890. Selon le journal intime de son cousin Thomas Tweed Higginson du 19 novembre 1891 : \u00ab Vankleek Hill \u00e9clair\u00e9e par \u00e9lectricit\u00e9 hier soir. Grande joie. \u00bb11 William s\u2019int\u00e9ressa aussi au niveau de scolarit\u00e9 local \u00ab et ne m\u00e9nagea pas ses efforts pour que l\u2019\u00e9cole secondaire soit munie d\u2019un t\u00e9lescope et d\u2019une bonne source de r\u00e9f\u00e9rences philosophiques. \u00bb12 La nouvelle gare desservant la r\u00e9gion de Vankleek Hill se situait au nord de la ville sur un terrain, don du Colonel Higginson. <\/p>\n\n<ol class=\"wp-block-list\" style=\"font-size:clamp(14px, 0.875rem + ((1vw - 3.2px) * 0.114), 15px);\">\n<li>Higginson, T.B., Descendants of Reverend Thomas Higginson (Research Publishing Company, Londres) p.16.<\/li>\n\n\n\n<li>Thomas, Cyrus, History of the Counties: Argenteuil, Quebec, Prescott, Ontario (John Lovell and Son, Montreal 1896) p. 581<\/li>\n\n\n\n<li>Thomas Boyd Higginson, Diaries of Thomas Tweed Higginson (Research Publishing Company, Londres 1960) p. 16.<\/li>\n\n\n\n<li>Ibid. p. 18. <\/li>\n\n\n\n<li>Ibid. p.20.<\/li>\n\n\n\n<li>Histoire &#8230; Prescott, Ontario, p. 582.<\/li>\n\n\n\n<li>Journal, p. 20.<\/li>\n\n\n\n<li>Proc\u00e8s-verbal du Canton de West Hawkesbury, 1879, 1880<\/li>\n\n\n\n<li>Proc\u00e8s-verbal de West Hawkesbury, 1890, 1891.<\/li>\n\n\n\n<li>Histoire &#8230; Prescott, Ontario, p. 584.<\/li>\n\n\n\n<li>Journal, p. 71.<\/li>\n\n\n\n<li>Histoire &#8230; Prescott, Ontario, p. 584.<\/li>\n<\/ol>\n\n<p class=\"has-text-align-center\" style=\"font-size:clamp(14px, 0.875rem + ((1vw - 3.2px) * 0.114), 15px);\"><strong>26 juin 2006 : M\u00e9dailles des assaults par les Fenians. <\/strong><\/p>\n\n<p style=\"font-size:clamp(14px, 0.875rem + ((1vw - 3.2px) * 0.114), 15px);\">Les m\u00e9dailles illustr\u00e9es ont \u00e9t\u00e9 d\u00e9cern\u00e9es au major W. Higginson, 18e bataillon, et \u00e0 l&rsquo;un de ses proches, le soldat H. Higginson, 18e bataillon. Selon Michael McMahon, marchand de militaria \u00e0 temps partiel, ils ont \u00e9t\u00e9 d\u00e9cern\u00e9s en 1900 aux anciens combattants qui en ont fait la demande et ont servi \u00e0 remonter le moral des troupes pendant la guerre des Boers. <\/p>\n\n<p style=\"font-size:clamp(14px, 0.875rem + ((1vw - 3.2px) * 0.114), 15px);\">En janvier 1899, le gouvernement canadien a autoris\u00e9 la remise d&rsquo;une m\u00e9daille aux hommes ayant servi dans les forces imp\u00e9riales ou canadiennes lors des assaults par les Fenians en 1866. Comme la m\u00e9daille a \u00e9t\u00e9 d\u00e9cern\u00e9e 29 ans plus tard, les hommes survivants ont d\u00fb faire une demande pour la recevoir. Les conditions suivantes devaient \u00eatre remplies par l&rsquo;individu postulant \u00e0 la r\u00e9compense : avoir \u00e9t\u00e9 en service actif sur le terrain, avoir servi de garde \u00e0 un point o\u00f9 l&rsquo;on s&rsquo;attendait \u00e0 une attaque de l&rsquo;ennemi, ou avoir \u00e9t\u00e9 affect\u00e9 \u00e0 un service ou \u00e0 une t\u00e2che sp\u00e9cifique.<\/p>\n\n<div class=\"wp-block-group has-global-padding is-layout-constrained wp-container-core-group-is-layout-4d0d0a75 wp-block-group-is-layout-constrained\">\t\t\t\t\t<div\n\t\t\t\t\t\tclass=\"wp-block-uagb-image-gallery uagb-block-20f8cbcd     \"\n\t\t\t\t\t\tstyle=\"\"\n\t\t\t\t\t>\n\t\t\t\t\t\t\t\t\t\t\t<div class=\"spectra-image-gallery spectra-image-gallery__layout--grid spectra-image-gallery__layout--grid-col-2 spectra-image-gallery__layout--grid-col-tab-2 spectra-image-gallery__layout--grid-col-mob-2\">\n\t\t\t\t\t\t\t\t\t\t\t<div class='spectra-image-gallery__media-wrapper' data-spectra-gallery-image-id='223' tabindex=\"0\">\n\t\t\t\t\t\t\t<div class=\"spectra-image-gallery__media spectra-image-gallery__media--grid\">\n\t\t\t\t<picture>\n\t\t\t\t\t<source media=\"(min-width: 1024px)\" srcset=\"https:\/\/higginsontower.ca\/wp-content\/uploads\/2024\/01\/medals-225x300.jpg\">\n\t\t\t\t\t<source media=\"(min-width: 768px)\" srcset=\"https:\/\/higginsontower.ca\/wp-content\/uploads\/2024\/01\/medals.jpg\">\n\t\t\t\t\t<img decoding=\"async\" class=\"spectra-image-gallery__media-thumbnail spectra-image-gallery__media-thumbnail--grid\" src=\"https:\/\/higginsontower.ca\/wp-content\/uploads\/2024\/01\/medals-225x300.jpg\" alt=\"\" loading=\"lazy\" \/>\n\t\t\t\t<\/picture>\n\t\t\t\t<div class=\"spectra-image-gallery__media-thumbnail-blurrer\"><\/div>\n\t\t\t\t\t\t\t\t\t\t\t<div class=\"spectra-image-gallery__media-thumbnail-caption-wrapper spectra-image-gallery__media-thumbnail-caption-wrapper--overlay\"><\/div>\n\t\t\t\t\t\t\t\t<\/div>\n\t\t\t\t\t\t<\/div>\n\t\t\t\t\t\t<div class='spectra-image-gallery__media-wrapper' data-spectra-gallery-image-id='222' tabindex=\"0\">\n\t\t\t\t\t\t\t<div class=\"spectra-image-gallery__media spectra-image-gallery__media--grid\">\n\t\t\t\t<picture>\n\t\t\t\t\t<source media=\"(min-width: 1024px)\" srcset=\"https:\/\/higginsontower.ca\/wp-content\/uploads\/2024\/01\/close_up-300x222.jpg\">\n\t\t\t\t\t<source media=\"(min-width: 768px)\" srcset=\"https:\/\/higginsontower.ca\/wp-content\/uploads\/2024\/01\/close_up.jpg\">\n\t\t\t\t\t<img decoding=\"async\" class=\"spectra-image-gallery__media-thumbnail spectra-image-gallery__media-thumbnail--grid\" src=\"https:\/\/higginsontower.ca\/wp-content\/uploads\/2024\/01\/close_up-300x222.jpg\" alt=\"\" loading=\"lazy\" \/>\n\t\t\t\t<\/picture>\n\t\t\t\t<div class=\"spectra-image-gallery__media-thumbnail-blurrer\"><\/div>\n\t\t\t\t\t\t\t\t\t\t\t<div class=\"spectra-image-gallery__media-thumbnail-caption-wrapper spectra-image-gallery__media-thumbnail-caption-wrapper--overlay\"><\/div>\n\t\t\t\t\t\t\t\t<\/div>\n\t\t\t\t\t\t<\/div>\n\t\t\t\t\t\t\t\t\t\t<\/div>\n\t\t\t\t\t\t\t\t\t\t\t\t\t\t\t\t\t\t<\/div>\n\t\t\t\t\t\t\t\t\t<\/div>\n","protected":false},"excerpt":{"rendered":"<p>L&rsquo;histoire de la Tour d&rsquo;observation Higginson La Tour d&rsquo;observation Higginson repr\u00e9sente les nombreuses contributions positives du lieutenant-colonel Thomas Higginson, un \u00e9migrant irlandais du comt\u00e9 d&rsquo;Antrim, en Irlande, qui est parti pour le Canada en 1819 et s&rsquo;est install\u00e9 \u00e0 Vankleek Hill en 1829. La Tour d&rsquo;observation Higginson a d&rsquo;abord \u00e9t\u00e9 construite par M.Thomas Higginson (1794-1884) [&hellip;]<\/p>\n","protected":false},"author":1,"featured_media":260,"parent":0,"menu_order":0,"comment_status":"closed","ping_status":"closed","template":"","meta":{"_uag_custom_page_level_css":"","footnotes":""},"class_list":["post-1484","page","type-page","status-publish","has-post-thumbnail","hentry"],"uagb_featured_image_src":{"full":["https:\/\/higginsontower.ca\/wp-content\/uploads\/2023\/11\/Tower-March-27-06.jpg",1200,675,false],"thumbnail":["https:\/\/higginsontower.ca\/wp-content\/uploads\/2023\/11\/Tower-March-27-06-150x150.jpg",150,150,true],"medium":["https:\/\/higginsontower.ca\/wp-content\/uploads\/2023\/11\/Tower-March-27-06-300x169.jpg",300,169,true],"medium_large":["https:\/\/higginsontower.ca\/wp-content\/uploads\/2023\/11\/Tower-March-27-06-768x432.jpg",768,432,true],"large":["https:\/\/higginsontower.ca\/wp-content\/uploads\/2023\/11\/Tower-March-27-06-1024x576.jpg",1024,576,true],"1536x1536":["https:\/\/higginsontower.ca\/wp-content\/uploads\/2023\/11\/Tower-March-27-06.jpg",1200,675,false],"2048x2048":["https:\/\/higginsontower.ca\/wp-content\/uploads\/2023\/11\/Tower-March-27-06.jpg",1200,675,false]},"uagb_author_info":{"display_name":"BeyondINK","author_link":"https:\/\/higginsontower.ca\/fr\/author\/higginsontowerstaging\/"},"uagb_comment_info":0,"uagb_excerpt":"L&rsquo;histoire de la Tour d&rsquo;observation Higginson La Tour d&rsquo;observation Higginson repr\u00e9sente les nombreuses contributions positives du lieutenant-colonel Thomas Higginson, un \u00e9migrant irlandais du comt\u00e9 d&rsquo;Antrim, en Irlande, qui est parti pour le Canada en 1819 et s&rsquo;est install\u00e9 \u00e0 Vankleek Hill en 1829. La Tour d&rsquo;observation Higginson a d&rsquo;abord \u00e9t\u00e9 construite par M.Thomas Higginson (1794-1884)\u2026","jetpack_sharing_enabled":true,"_links":{"self":[{"href":"https:\/\/higginsontower.ca\/fr\/wp-json\/wp\/v2\/pages\/1484","targetHints":{"allow":["GET"]}}],"collection":[{"href":"https:\/\/higginsontower.ca\/fr\/wp-json\/wp\/v2\/pages"}],"about":[{"href":"https:\/\/higginsontower.ca\/fr\/wp-json\/wp\/v2\/types\/page"}],"author":[{"embeddable":true,"href":"https:\/\/higginsontower.ca\/fr\/wp-json\/wp\/v2\/users\/1"}],"replies":[{"embeddable":true,"href":"https:\/\/higginsontower.ca\/fr\/wp-json\/wp\/v2\/comments?post=1484"}],"version-history":[{"count":2,"href":"https:\/\/higginsontower.ca\/fr\/wp-json\/wp\/v2\/pages\/1484\/revisions"}],"predecessor-version":[{"id":1575,"href":"https:\/\/higginsontower.ca\/fr\/wp-json\/wp\/v2\/pages\/1484\/revisions\/1575"}],"wp:featuredmedia":[{"embeddable":true,"href":"https:\/\/higginsontower.ca\/fr\/wp-json\/wp\/v2\/media\/260"}],"wp:attachment":[{"href":"https:\/\/higginsontower.ca\/fr\/wp-json\/wp\/v2\/media?parent=1484"}],"curies":[{"name":"wp","href":"https:\/\/api.w.org\/{rel}","templated":true}]}}